{"id":44,"date":"2016-01-15T10:40:04","date_gmt":"2016-01-15T09:40:04","guid":{"rendered":"http:\/\/www.olafrichter.de\/?page_id=44"},"modified":"2026-05-01T07:40:16","modified_gmt":"2026-05-01T05:40:16","slug":"unternehmen","status":"publish","type":"page","link":"https:\/\/www.olafrichter.de\/?page_id=44","title":{"rendered":"Unternehmen"},"content":{"rendered":"<p>[et_pb_section fb_built=&#8220;1&#8243; admin_label=&#8220;section&#8220; _builder_version=&#8220;4.16&#8243; global_colors_info=&#8220;{}&#8220;][et_pb_row admin_label=&#8220;row&#8220; _builder_version=&#8220;4.16&#8243; background_size=&#8220;initial&#8220; background_position=&#8220;top_left&#8220; background_repeat=&#8220;repeat&#8220; global_colors_info=&#8220;{}&#8220;][et_pb_column type=&#8220;4_4&#8243; _builder_version=&#8220;4.16&#8243; custom_padding=&#8220;|||&#8220; global_colors_info=&#8220;{}&#8220; custom_padding__hover=&#8220;|||&#8220;][et_pb_text admin_label=&#8220;Headline &#8211; Das Unternehmen&#8220; _builder_version=&#8220;4.16&#8243; text_font=&#8220;Lato||||&#8220; text_text_color=&#8220;#003366&#8243; text_font_size=&#8220;24&#8243; background_size=&#8220;initial&#8220; background_position=&#8220;top_left&#8220; background_repeat=&#8220;repeat&#8220; text_orientation=&#8220;center&#8220; module_alignment=&#8220;center&#8220; use_border_color=&#8220;off&#8220; global_colors_info=&#8220;{}&#8220;]<\/p>\n<h2><span style=\"color: #00007e;\">Das Unternehmen<\/span><\/h2>\n<p>[\/et_pb_text][\/et_pb_column][\/et_pb_row][et_pb_row column_structure=&#8220;1_2,1_2&#8243; _builder_version=&#8220;4.16&#8243; background_size=&#8220;initial&#8220; background_position=&#8220;top_left&#8220; background_repeat=&#8220;repeat&#8220; global_colors_info=&#8220;{}&#8220;][et_pb_column type=&#8220;1_2&#8243; _builder_version=&#8220;4.16&#8243; custom_padding=&#8220;|||&#8220; global_colors_info=&#8220;{}&#8220; custom_padding__hover=&#8220;|||&#8220;][et_pb_image src=&#8220;https:\/\/www.olafrichter.de\/wp-content\/uploads\/2018\/10\/OLaf-Richter-Logo_Bild-mit-Schrift_180918.png&#8220; alt=&#8220;Strichm\u00e4nnchen %22Logo%22&#8243; title_text=&#8220;Strichm\u00e4nnchen %22Logo%22&#8243; align_tablet=&#8220;center&#8220; align_phone=&#8220;center&#8220; align_last_edited=&#8220;on|desktop&#8220; admin_label=&#8220;%22Logo%22&#8243; _builder_version=&#8220;4.16&#8243; animation_style=&#8220;fade&#8220; animation_duration=&#8220;500ms&#8220; use_border_color=&#8220;off&#8220; global_colors_info=&#8220;{}&#8220;][\/et_pb_image][et_pb_text admin_label=&#8220;Text Unternehmen 02&#8243; _builder_version=&#8220;4.16&#8243; text_font=&#8220;Lato||||&#8220; text_text_color=&#8220;#003366&#8243; text_font_size=&#8220;18&#8243; background_size=&#8220;initial&#8220; background_position=&#8220;top_left&#8220; background_repeat=&#8220;repeat&#8220; use_border_color=&#8220;off&#8220; global_colors_info=&#8220;{}&#8220;]<span style=\"color: #00007e;\">Seit \u00fcber einem Vierteljahrhundert finden wir passgenaue L\u00f6sungen f\u00fcr unsere Kunden in der Region. Das 1988 von Olaf Richter gegr\u00fcndete Unternehmen begleitet bei Planung, Finanzierung, Komplettmontage und auch bei der Nachbetreuung. \u00dcber 1000 Praxen geh\u00f6ren zu unseren Dauerkunden.<\/span><br \/>\n[\/et_pb_text][et_pb_image src=&#8220;https:\/\/www.olafrichter.de\/wp-content\/uploads\/2016\/01\/Unternehmen_Fahrstellen.jpg&#8220; alt=&#8220;Unternehmen_Hof-Fahrstuhl&#8220; title_text=&#8220;Unternehmen_Hof-Fahrstuhl&#8220; align_tablet=&#8220;center&#8220; align_phone=&#8220;center&#8220; align_last_edited=&#8220;on|desktop&#8220; admin_label=&#8220;Unternehmen_Hof-Fahrstuhl&#8220; _builder_version=&#8220;4.16&#8243; animation_style=&#8220;fade&#8220; animation_duration=&#8220;500ms&#8220; use_border_color=&#8220;off&#8220; border_color=&#8220;#ffffff&#8220; border_style=&#8220;solid&#8220; animation=&#8220;fade_in&#8220; sticky=&#8220;off&#8220; always_center_on_mobile=&#8220;on&#8220; global_colors_info=&#8220;{}&#8220;][\/et_pb_image][\/et_pb_column][et_pb_column type=&#8220;1_2&#8243; _builder_version=&#8220;4.16&#8243; custom_padding=&#8220;|||&#8220; global_colors_info=&#8220;{}&#8220; custom_padding__hover=&#8220;|||&#8220;][et_pb_text admin_label=&#8220;Text Unternehmen 01&#8243; _builder_version=&#8220;4.16&#8243; text_font=&#8220;Lato||||&#8220; text_text_color=&#8220;#003366&#8243; text_font_size=&#8220;18&#8243; background_size=&#8220;initial&#8220; background_position=&#8220;top_left&#8220; background_repeat=&#8220;repeat&#8220; use_border_color=&#8220;off&#8220; global_colors_info=&#8220;{}&#8220;]<\/p>\n<h4><span style=\"color: #00007e;\"><strong>1988<\/strong> &#8211; Gr\u00fcndung des Unternehmens durch Olaf Richter<\/span><\/h4>\n<h4><span style=\"color: #00007e;\"><strong>1991 &#8211; <\/strong>Er\u00f6ffnung der 250 m\u00b2 gro\u00dfen Ausstellungsfl\u00e4che in Berlin-K\u00f6penick<\/span><\/h4>\n<h4><span style=\"color: #00007e;\"><strong>1996 &#8211; <\/strong>Er\u00f6ffnung der 500 m\u00b2 gro\u00dfen Gesch\u00e4fts- und Ausstellungsr\u00e4ume f\u00fcr Physiotherapiebedarf in Berlin-Charlottenburg<\/span><\/h4>\n<h4><span style=\"color: #00007e;\"><strong>1998 &#8211; <\/strong>Zertifizierung nach DIN EN ISO 9001:2008<\/span><\/h4>\n<h4><span style=\"color: #00007e;\"><strong>2010 &#8211; <\/strong>Herausgabe des ersten hauseigenen Hauptkataloges<\/span><\/h4>\n<h4><span style=\"color: #00007e;\"><strong>2018 &#8211; <\/strong>Einf\u00fchrung unserer neuen Marke<br \/>\n<\/span><\/h4>\n<p>[\/et_pb_text][et_pb_image src=&#8220;https:\/\/www.olafrichter.de\/wp-content\/uploads\/2016\/01\/Unternehmen_Einfahrt.jpg&#8220; alt=&#8220;Unternehmen_Einfahrt&#8220; title_text=&#8220;Unternehmen_Einfahrt&#8220; align_tablet=&#8220;center&#8220; align_phone=&#8220;center&#8220; align_last_edited=&#8220;on|desktop&#8220; admin_label=&#8220;Unternehmen_Einfahrt&#8220; _builder_version=&#8220;4.16&#8243; animation_style=&#8220;fade&#8220; animation_duration=&#8220;500ms&#8220; use_border_color=&#8220;off&#8220; border_color=&#8220;#ffffff&#8220; border_style=&#8220;solid&#8220; animation=&#8220;fade_in&#8220; sticky=&#8220;off&#8220; always_center_on_mobile=&#8220;on&#8220; global_colors_info=&#8220;{}&#8220;][\/et_pb_image][et_pb_text admin_label=&#8220;Text Unternehmen 03&#8243; _builder_version=&#8220;4.16&#8243; text_font=&#8220;Lato||||&#8220; text_text_color=&#8220;#003366&#8243; text_font_size=&#8220;18&#8243; background_size=&#8220;initial&#8220; background_position=&#8220;top_left&#8220; background_repeat=&#8220;repeat&#8220; use_border_color=&#8220;off&#8220; global_colors_info=&#8220;{}&#8220;]&nbsp;<\/p>\n<p><span style=\"color: #00007e;\">Als regionales Unternehmen kennen wir den Markt und die Bed\u00fcrfnisse unserer Kunden. Unser Rundumservice hilft Ihnen Fehlinvestitionen zu vermeiden.<\/span><\/p>\n<p><span style=\"color: #00007e;\">Sicherer Transport mit unseren eigenen Service-Fahrzeugen und fachgerechte Montage Ihrer Ausstattung in Berlin, Brandenburg und Mecklenburg-Vorpommern sind f\u00fcr uns selbstverst\u00e4ndlich.<\/span><\/p>\n<p><span style=\"color: #00007e;\">Wir lassen Sie nach der Lieferung nicht allein, denn wir bieten Ihnen &#8211; wenn Sie es w\u00fcnschen &#8211; unsere Erfahrung aus 28 Jahre Serviceleistung f\u00fcr Pflege, Wartung und Instandhaltung.<\/span><br \/>\n[\/et_pb_text][\/et_pb_column][\/et_pb_row][et_pb_row _builder_version=&#8220;4.16&#8243; background_size=&#8220;initial&#8220; background_position=&#8220;top_left&#8220; background_repeat=&#8220;repeat&#8220; global_colors_info=&#8220;{}&#8220;][et_pb_column type=&#8220;4_4&#8243; _builder_version=&#8220;4.16&#8243; custom_padding=&#8220;|||&#8220; global_colors_info=&#8220;{}&#8220; custom_padding__hover=&#8220;|||&#8220;][et_pb_text admin_label=&#8220;Headline &#8211; Die Ausstellungsr\u00e4ume&#8220; _builder_version=&#8220;4.16&#8243; text_font=&#8220;Lato||||&#8220; text_text_color=&#8220;#003366&#8243; text_font_size=&#8220;24&#8243; background_size=&#8220;initial&#8220; background_position=&#8220;top_left&#8220; background_repeat=&#8220;repeat&#8220; text_orientation=&#8220;center&#8220; module_alignment=&#8220;center&#8220; use_border_color=&#8220;off&#8220; global_colors_info=&#8220;{}&#8220;]&nbsp;<\/p>\n<p><span style=\"color: #00007e;\">Die Ausstellungsr\u00e4ume<\/span><br \/>\n[\/et_pb_text][\/et_pb_column][\/et_pb_row][et_pb_row column_structure=&#8220;2_3,1_3&#8243; _builder_version=&#8220;4.16&#8243; background_size=&#8220;initial&#8220; background_position=&#8220;top_left&#8220; background_repeat=&#8220;repeat&#8220; global_colors_info=&#8220;{}&#8220;][et_pb_column type=&#8220;2_3&#8243; _builder_version=&#8220;4.16&#8243; custom_padding=&#8220;|||&#8220; global_colors_info=&#8220;{}&#8220; custom_padding__hover=&#8220;|||&#8220;][et_pb_image src=&#8220;https:\/\/www.olafrichter.de\/wp-content\/uploads\/2016\/01\/Ausstellung_komplett.jpg&#8220; alt=&#8220;Ausstellung&#8220; title_text=&#8220;Ausstellung&#8220; align_tablet=&#8220;center&#8220; align_phone=&#8220;center&#8220; align_last_edited=&#8220;on|desktop&#8220; admin_label=&#8220;Ausstellung&#8220; _builder_version=&#8220;4.16&#8243; animation_style=&#8220;fade&#8220; animation_duration=&#8220;500ms&#8220; use_border_color=&#8220;off&#8220; border_color=&#8220;#ffffff&#8220; border_style=&#8220;solid&#8220; animation=&#8220;fade_in&#8220; sticky=&#8220;off&#8220; always_center_on_mobile=&#8220;on&#8220; global_colors_info=&#8220;{}&#8220;][\/et_pb_image][\/et_pb_column][et_pb_column type=&#8220;1_3&#8243; _builder_version=&#8220;4.16&#8243; custom_padding=&#8220;|||&#8220; global_colors_info=&#8220;{}&#8220; custom_padding__hover=&#8220;|||&#8220;][et_pb_text _builder_version=&#8220;4.16&#8243; background_size=&#8220;initial&#8220; background_position=&#8220;top_left&#8220; background_repeat=&#8220;repeat&#8220; use_border_color=&#8220;off&#8220; border_color=&#8220;#ffffff&#8220; border_style=&#8220;solid&#8220; global_colors_info=&#8220;{}&#8220;]&nbsp;<\/p>\n<p>&nbsp;<br \/>\n[\/et_pb_text][et_pb_text admin_label=&#8220;Text Ausstellung 01&#8243; _builder_version=&#8220;4.16&#8243; text_font=&#8220;Lato||||&#8220; text_text_color=&#8220;#003366&#8243; text_font_size=&#8220;18&#8243; background_size=&#8220;initial&#8220; background_position=&#8220;top_left&#8220; background_repeat=&#8220;repeat&#8220; use_border_color=&#8220;off&#8220; global_colors_info=&#8220;{}&#8220;]<\/p>\n<p style=\"text-align: center;\"><span style=\"color: #00007e;\">Auf 200 m\u00b2 Lagerfl\u00e4che und 300 m\u00b2 Ausstellungsfl\u00e4che halten wir eine Vielzahl der hochqualitativen, professionellen Produkte f\u00fcr die Physio- und Ergotherapie sowie f\u00fcr Rehabilitation und Fitness aus unserem Sortiment f\u00fcr Sie bereit.<\/span><\/p>\n<p>[\/et_pb_text][\/et_pb_column][\/et_pb_row][et_pb_row column_structure=&#8220;1_3,1_3,1_3&#8243; _builder_version=&#8220;4.16&#8243; background_size=&#8220;initial&#8220; background_position=&#8220;top_left&#8220; background_repeat=&#8220;repeat&#8220; global_colors_info=&#8220;{}&#8220;][et_pb_column type=&#8220;1_3&#8243; _builder_version=&#8220;4.16&#8243; custom_padding=&#8220;|||&#8220; global_colors_info=&#8220;{}&#8220; custom_padding__hover=&#8220;|||&#8220;][et_pb_image src=&#8220;https:\/\/www.olafrichter.de\/wp-content\/uploads\/2016\/01\/Ausstellung_Physiomed.jpg&#8220; alt=&#8220;Ausstellung_Physiomed&#8220; title_text=&#8220;Ausstellung_Physiomed&#8220; align_tablet=&#8220;center&#8220; align_phone=&#8220;center&#8220; align_last_edited=&#8220;on|desktop&#8220; admin_label=&#8220;Ausstellung_Physiomed&#8220; _builder_version=&#8220;4.16&#8243; animation_style=&#8220;fade&#8220; animation_duration=&#8220;500ms&#8220; use_border_color=&#8220;off&#8220; border_color=&#8220;#ffffff&#8220; border_style=&#8220;solid&#8220; animation=&#8220;fade_in&#8220; sticky=&#8220;off&#8220; always_center_on_mobile=&#8220;on&#8220; global_colors_info=&#8220;{}&#8220;][\/et_pb_image][\/et_pb_column][et_pb_column type=&#8220;1_3&#8243; _builder_version=&#8220;4.16&#8243; custom_padding=&#8220;|||&#8220; global_colors_info=&#8220;{}&#8220; custom_padding__hover=&#8220;|||&#8220;][et_pb_image src=&#8220;https:\/\/www.olafrichter.de\/wp-content\/uploads\/2016\/01\/Ausstellung_Liege-Detail.jpg&#8220; alt=&#8220;Ausstellung_Liege&#8220; title_text=&#8220;Ausstellung_Liege&#8220; align_tablet=&#8220;center&#8220; align_phone=&#8220;center&#8220; align_last_edited=&#8220;on|desktop&#8220; admin_label=&#8220;Ausstellung_Liege&#8220; _builder_version=&#8220;4.16&#8243; animation_style=&#8220;fade&#8220; animation_duration=&#8220;500ms&#8220; use_border_color=&#8220;off&#8220; border_color=&#8220;#ffffff&#8220; border_style=&#8220;solid&#8220; animation=&#8220;fade_in&#8220; sticky=&#8220;off&#8220; always_center_on_mobile=&#8220;on&#8220; global_colors_info=&#8220;{}&#8220;][\/et_pb_image][et_pb_text admin_label=&#8220;Text Ausstellung 02&#8243; _builder_version=&#8220;4.16&#8243; text_font=&#8220;Lato||||&#8220; text_text_color=&#8220;#003366&#8243; text_font_size=&#8220;18&#8243; background_size=&#8220;initial&#8220; background_position=&#8220;top_left&#8220; background_repeat=&#8220;repeat&#8220; use_border_color=&#8220;off&#8220; global_colors_info=&#8220;{}&#8220;]<\/p>\n<p style=\"text-align: center;\"><span style=\"color: #00007e;\">Sie k\u00f6nnen bei uns bekannte Klassiker in bew\u00e4hrter Qualit\u00e4t und auch interessante Neuheiten der gro\u00dfen Markenhersteller ansehen, anfassen, probeliegen, f\u00fchlen, riechen und ausprobieren. Wir beraten Sie pers\u00f6nlich und umfassend.<\/span><\/p>\n<p>[\/et_pb_text][\/et_pb_column][et_pb_column type=&#8220;1_3&#8243; _builder_version=&#8220;4.16&#8243; custom_padding=&#8220;|||&#8220; global_colors_info=&#8220;{}&#8220; custom_padding__hover=&#8220;|||&#8220;][et_pb_image src=&#8220;https:\/\/www.olafrichter.de\/wp-content\/uploads\/2016\/01\/Ausstellung_Haider.jpg&#8220; alt=&#8220;Ausstellung_Haider&#8220; title_text=&#8220;Ausstellung_Haider&#8220; align_tablet=&#8220;center&#8220; align_phone=&#8220;center&#8220; align_last_edited=&#8220;on|desktop&#8220; admin_label=&#8220;Ausstellung_Haider&#8220; _builder_version=&#8220;4.16&#8243; animation_style=&#8220;fade&#8220; animation_duration=&#8220;500ms&#8220; use_border_color=&#8220;off&#8220; border_color=&#8220;#ffffff&#8220; border_style=&#8220;solid&#8220; animation=&#8220;fade_in&#8220; sticky=&#8220;off&#8220; always_center_on_mobile=&#8220;on&#8220; global_colors_info=&#8220;{}&#8220;][\/et_pb_image][\/et_pb_column][\/et_pb_row][et_pb_row column_structure=&#8220;1_4,1_4,1_4,1_4&#8243; _builder_version=&#8220;4.16&#8243; background_size=&#8220;initial&#8220; background_position=&#8220;top_left&#8220; background_repeat=&#8220;repeat&#8220; global_colors_info=&#8220;{}&#8220;][et_pb_column type=&#8220;1_4&#8243; _builder_version=&#8220;4.16&#8243; custom_padding=&#8220;|||&#8220; global_colors_info=&#8220;{}&#8220; custom_padding__hover=&#8220;|||&#8220;][et_pb_text _builder_version=&#8220;4.16&#8243; background_size=&#8220;initial&#8220; background_position=&#8220;top_left&#8220; background_repeat=&#8220;repeat&#8220; use_border_color=&#8220;off&#8220; border_color=&#8220;#ffffff&#8220; border_style=&#8220;solid&#8220; global_colors_info=&#8220;{}&#8220;]&nbsp;<\/p>\n<p>&nbsp;<br \/>\n[\/et_pb_text][et_pb_text admin_label=&#8220;\u00d6ffnungszeiten&#8220; _builder_version=&#8220;4.27.5&#8243; text_font=&#8220;Lato||||&#8220; text_text_color=&#8220;#003366&#8243; text_font_size=&#8220;18&#8243; background_size=&#8220;initial&#8220; background_position=&#8220;top_left&#8220; background_repeat=&#8220;repeat&#8220; hover_enabled=&#8220;0&#8243; use_border_color=&#8220;off&#8220; global_colors_info=&#8220;{}&#8220; sticky_enabled=&#8220;0&#8243;]<\/p>\n<p style=\"text-align: center;\"><span style=\"color: #00007e;\">Besuchen Sie uns w\u00e4hrend unserer \u00d6ffnungszeiten:<\/span><\/p>\n<p style=\"text-align: center;\"><span style=\"color: #00007e;\">Mo.-Do.\u00a0 10:30 &#8211; 16:00 Uhr<\/span><\/p>\n<p style=\"text-align: center;\"><span style=\"color: #00007e;\">Fr.\u00a0 9:00 &#8211; 15:00 Uhr<\/span><\/p>\n<p>[\/et_pb_text][\/et_pb_column][et_pb_column type=&#8220;1_4&#8243; _builder_version=&#8220;4.16&#8243; custom_padding=&#8220;|||&#8220; global_colors_info=&#8220;{}&#8220; custom_padding__hover=&#8220;|||&#8220;][et_pb_image src=&#8220;https:\/\/www.olafrichter.de\/wp-content\/uploads\/2016\/01\/Ausstellung_Hocker_Laken.jpg&#8220; alt=&#8220;Ausstellung_Spannlaken&#8220; title_text=&#8220;Ausstellung_Spannlaken&#8220; align_tablet=&#8220;center&#8220; align_phone=&#8220;center&#8220; align_last_edited=&#8220;on|desktop&#8220; admin_label=&#8220;Ausstellung_Spannlaken&#8220; _builder_version=&#8220;4.16&#8243; animation_style=&#8220;fade&#8220; animation_duration=&#8220;500ms&#8220; use_border_color=&#8220;off&#8220; border_color=&#8220;#ffffff&#8220; border_style=&#8220;solid&#8220; animation=&#8220;fade_in&#8220; sticky=&#8220;off&#8220; always_center_on_mobile=&#8220;on&#8220; global_colors_info=&#8220;{}&#8220;][\/et_pb_image][\/et_pb_column][et_pb_column type=&#8220;1_4&#8243; _builder_version=&#8220;4.16&#8243; custom_padding=&#8220;|||&#8220; global_colors_info=&#8220;{}&#8220; custom_padding__hover=&#8220;|||&#8220;][et_pb_image src=&#8220;https:\/\/www.olafrichter.de\/wp-content\/uploads\/2016\/01\/Ausstellung_Hocker.jpg&#8220; alt=&#8220;Ausstellung_Hocker&#8220; title_text=&#8220;Ausstellung_Hocker&#8220; align_tablet=&#8220;center&#8220; align_phone=&#8220;center&#8220; align_last_edited=&#8220;on|desktop&#8220; admin_label=&#8220;Ausstellung_Hocker&#8220; _builder_version=&#8220;4.16&#8243; animation_style=&#8220;fade&#8220; animation_duration=&#8220;500ms&#8220; use_border_color=&#8220;off&#8220; border_color=&#8220;#ffffff&#8220; border_style=&#8220;solid&#8220; animation=&#8220;fade_in&#8220; sticky=&#8220;off&#8220; always_center_on_mobile=&#8220;on&#8220; global_colors_info=&#8220;{}&#8220;][\/et_pb_image][\/et_pb_column][et_pb_column type=&#8220;1_4&#8243; _builder_version=&#8220;4.16&#8243; custom_padding=&#8220;|||&#8220; global_colors_info=&#8220;{}&#8220; custom_padding__hover=&#8220;|||&#8220;][et_pb_image src=&#8220;https:\/\/www.olafrichter.de\/wp-content\/uploads\/2016\/01\/Ausstellung_IR-Strahler.jpg&#8220; alt=&#8220;Ausstellung_IR_WTB&#8220; title_text=&#8220;Ausstellung_IR_WTB&#8220; align_tablet=&#8220;center&#8220; align_phone=&#8220;center&#8220; align_last_edited=&#8220;on|desktop&#8220; admin_label=&#8220;Ausstellung_IR_WTB&#8220; _builder_version=&#8220;4.16&#8243; animation_style=&#8220;fade&#8220; animation_duration=&#8220;500ms&#8220; use_border_color=&#8220;off&#8220; border_color=&#8220;#ffffff&#8220; border_style=&#8220;solid&#8220; animation=&#8220;fade_in&#8220; sticky=&#8220;off&#8220; always_center_on_mobile=&#8220;on&#8220; global_colors_info=&#8220;{}&#8220;][\/et_pb_image][\/et_pb_column][\/et_pb_row][et_pb_row column_structure=&#8220;1_3,2_3&#8243; _builder_version=&#8220;4.16&#8243; background_size=&#8220;initial&#8220; background_position=&#8220;top_left&#8220; background_repeat=&#8220;repeat&#8220; global_colors_info=&#8220;{}&#8220;][et_pb_column type=&#8220;1_3&#8243; _builder_version=&#8220;4.16&#8243; custom_padding=&#8220;|||&#8220; global_colors_info=&#8220;{}&#8220; custom_padding__hover=&#8220;|||&#8220;][et_pb_image src=&#8220;https:\/\/www.olafrichter.de\/wp-content\/uploads\/2016\/01\/Ausstellung_Blackroll.jpg&#8220; alt=&#8220;Ausstellung_Blackroll&#8220; title_text=&#8220;Ausstellung_Blackroll&#8220; align_tablet=&#8220;center&#8220; align_phone=&#8220;center&#8220; align_last_edited=&#8220;on|desktop&#8220; admin_label=&#8220;Ausstellung_Blackroll&#8220; _builder_version=&#8220;4.16&#8243; animation_style=&#8220;fade&#8220; animation_duration=&#8220;500ms&#8220; use_border_color=&#8220;off&#8220; border_color=&#8220;#ffffff&#8220; border_style=&#8220;solid&#8220; animation=&#8220;fade_in&#8220; sticky=&#8220;off&#8220; always_center_on_mobile=&#8220;on&#8220; global_colors_info=&#8220;{}&#8220;][\/et_pb_image][\/et_pb_column][et_pb_column type=&#8220;2_3&#8243; _builder_version=&#8220;4.16&#8243; custom_padding=&#8220;|||&#8220; global_colors_info=&#8220;{}&#8220; custom_padding__hover=&#8220;|||&#8220;][et_pb_image src=&#8220;https:\/\/www.olafrichter.de\/wp-content\/uploads\/2016\/01\/Ausstellung_Liegen-1.jpg&#8220; alt=&#8220;Ausstellung_Liegen&#8220; title_text=&#8220;Ausstellung_Liegen&#8220; align_tablet=&#8220;center&#8220; align_phone=&#8220;center&#8220; align_last_edited=&#8220;on|desktop&#8220; admin_label=&#8220;Ausstellung_Liegen&#8220; _builder_version=&#8220;4.16&#8243; animation_style=&#8220;fade&#8220; animation_duration=&#8220;500ms&#8220; use_border_color=&#8220;off&#8220; border_color=&#8220;#ffffff&#8220; border_style=&#8220;solid&#8220; animation=&#8220;fade_in&#8220; sticky=&#8220;off&#8220; always_center_on_mobile=&#8220;on&#8220; global_colors_info=&#8220;{}&#8220;][\/et_pb_image][\/et_pb_column][\/et_pb_row][\/et_pb_section]<\/p>\n","protected":false},"excerpt":{"rendered":"<p>Das Unternehmen Seit \u00fcber einem Vierteljahrhundert finden wir passgenaue L\u00f6sungen f\u00fcr unsere Kunden in der Region. Das 1988 von Olaf Richter gegr\u00fcndete Unternehmen begleitet bei Planung, Finanzierung, Komplettmontage und auch bei der Nachbetreuung. \u00dcber 1000 Praxen geh\u00f6ren zu unseren Dauerkunden. 1988 &#8211; Gr\u00fcndung des Unternehmens durch Olaf Richter 1991 &#8211; Er\u00f6ffnung der 250 m\u00b2 gro\u00dfen [&hellip;]<\/p>\n","protected":false},"author":1,"featured_media":0,"parent":0,"menu_order":0,"comment_status":"closed","ping_status":"closed","template":"","meta":{"_et_pb_use_builder":"on","_et_pb_old_content":"","_et_gb_content_width":"","footnotes":""},"class_list":["post-44","page","type-page","status-publish","hentry"],"_links":{"self":[{"href":"https:\/\/www.olafrichter.de\/index.php?rest_route=\/wp\/v2\/pages\/44","targetHints":{"allow":["GET"]}}],"collection":[{"href":"https:\/\/www.olafrichter.de\/index.php?rest_route=\/wp\/v2\/pages"}],"about":[{"href":"https:\/\/www.olafrichter.de\/index.php?rest_route=\/wp\/v2\/types\/page"}],"author":[{"embeddable":true,"href":"https:\/\/www.olafrichter.de\/index.php?rest_route=\/wp\/v2\/users\/1"}],"replies":[{"embeddable":true,"href":"https:\/\/www.olafrichter.de\/index.php?rest_route=%2Fwp%2Fv2%2Fcomments&post=44"}],"version-history":[{"count":48,"href":"https:\/\/www.olafrichter.de\/index.php?rest_route=\/wp\/v2\/pages\/44\/revisions"}],"predecessor-version":[{"id":1848,"href":"https:\/\/www.olafrichter.de\/index.php?rest_route=\/wp\/v2\/pages\/44\/revisions\/1848"}],"wp:attachment":[{"href":"https:\/\/www.olafrichter.de\/index.php?rest_route=%2Fwp%2Fv2%2Fmedia&parent=44"}],"curies":[{"name":"wp","href":"https:\/\/api.w.org\/{rel}","templated":true}]}}